{"id":341,"date":"2024-01-29T11:46:27","date_gmt":"2024-01-29T11:46:27","guid":{"rendered":"https:\/\/shielding-projects.de\/?page_id=341"},"modified":"2024-02-05T12:04:31","modified_gmt":"2024-02-05T12:04:31","slug":"kupfer-kabinen","status":"publish","type":"page","link":"https:\/\/shielding-projects.de\/?page_id=341","title":{"rendered":"Kupfer-Kabinen"},"content":{"rendered":"<div id='full_slider_1'  class='avia-fullwidth-slider main_color avia-shadow   avia-builder-el-0  el_before_av_section  avia-builder-el-first   container_wrap fullsize'  ><div  class='avia-slideshow av-2azd0l-2246bda7b633c2ad8c90283c4fe8058b avia-slideshow-featured_large av_slideshow_full avia-slide-slider av-slideshow-ui av-control-minimal av-slideshow-autoplay av-loop-endless av-loop-manual-endless av-default-height-applied   avia-slideshow-1' data-slideshow-options=\"{&quot;animation&quot;:&quot;slide&quot;,&quot;autoplay&quot;:true,&quot;loop_autoplay&quot;:&quot;endless&quot;,&quot;interval&quot;:5,&quot;loop_manual&quot;:&quot;manual-endless&quot;,&quot;autoplay_stopper&quot;:false,&quot;noNavigation&quot;:false,&quot;bg_slider&quot;:false,&quot;transitionSpeed&quot;:2000,&quot;keep_padding&quot;:false,&quot;hoverpause&quot;:false,&quot;show_slide_delay&quot;:0}\"  itemprop=\"image\" itemscope=\"itemscope\" itemtype=\"https:\/\/schema.org\/ImageObject\" ><ul class='avia-slideshow-inner ' style='padding-bottom: 42%;'><li  class='avia-slideshow-slide av-2azd0l-2246bda7b633c2ad8c90283c4fe8058b__0  slide-1 slide-odd'><div data-rel='slideshow-1' class='avia-slide-wrap '   ><img decoding=\"async\" fetchpriority=\"high\" class=\"wp-image-278 avia-img-lazy-loading-not-278\"  src=\"https:\/\/shielding-projects.de\/wp-content\/uploads\/2024\/01\/HF-Kabine-MRT-Raum.jpg\" width=\"1500\" height=\"630\" title='HF Kabine MRT Raum' alt=''  itemprop=\"thumbnailUrl\" srcset=\"https:\/\/shielding-projects.de\/wp-content\/uploads\/2024\/01\/HF-Kabine-MRT-Raum.jpg 1500w, https:\/\/shielding-projects.de\/wp-content\/uploads\/2024\/01\/HF-Kabine-MRT-Raum-300x126.jpg 300w, https:\/\/shielding-projects.de\/wp-content\/uploads\/2024\/01\/HF-Kabine-MRT-Raum-1030x433.jpg 1030w, https:\/\/shielding-projects.de\/wp-content\/uploads\/2024\/01\/HF-Kabine-MRT-Raum-768x323.jpg 768w, https:\/\/shielding-projects.de\/wp-content\/uploads\/2024\/01\/HF-Kabine-MRT-Raum-705x296.jpg 705w\" sizes=\"(max-width: 1500px) 100vw, 1500px\" \/><\/div><\/li><li  class='avia-slideshow-slide av-2azd0l-2246bda7b633c2ad8c90283c4fe8058b__1  slide-2 slide-even'><div data-rel='slideshow-1' class='avia-slide-wrap '   ><img decoding=\"async\" fetchpriority=\"high\" class=\"wp-image-296 avia-img-lazy-loading-not-296\"  src=\"https:\/\/shielding-projects.de\/wp-content\/uploads\/2024\/01\/Faradaysche-MRT-Raeume.jpg\" width=\"1500\" height=\"630\" title='Faradaysche MRT-R\u00e4ume' alt=''  itemprop=\"thumbnailUrl\" srcset=\"https:\/\/shielding-projects.de\/wp-content\/uploads\/2024\/01\/Faradaysche-MRT-Raeume.jpg 1500w, https:\/\/shielding-projects.de\/wp-content\/uploads\/2024\/01\/Faradaysche-MRT-Raeume-300x126.jpg 300w, https:\/\/shielding-projects.de\/wp-content\/uploads\/2024\/01\/Faradaysche-MRT-Raeume-1030x433.jpg 1030w, https:\/\/shielding-projects.de\/wp-content\/uploads\/2024\/01\/Faradaysche-MRT-Raeume-768x323.jpg 768w, https:\/\/shielding-projects.de\/wp-content\/uploads\/2024\/01\/Faradaysche-MRT-Raeume-705x296.jpg 705w\" sizes=\"(max-width: 1500px) 100vw, 1500px\" \/><\/div><\/li><li  class='avia-slideshow-slide av-2azd0l-2246bda7b633c2ad8c90283c4fe8058b__2  slide-3 slide-odd'><div data-rel='slideshow-1' class='avia-slide-wrap '   ><img decoding=\"async\" fetchpriority=\"high\" class=\"wp-image-282 avia-img-lazy-loading-not-282\"  src=\"https:\/\/shielding-projects.de\/wp-content\/uploads\/2024\/01\/HF-Kabine-MRI-ROOM.jpg\" width=\"1500\" height=\"630\" title='HF Kabine MRI ROOM' alt=''  itemprop=\"thumbnailUrl\" srcset=\"https:\/\/shielding-projects.de\/wp-content\/uploads\/2024\/01\/HF-Kabine-MRI-ROOM.jpg 1500w, https:\/\/shielding-projects.de\/wp-content\/uploads\/2024\/01\/HF-Kabine-MRI-ROOM-300x126.jpg 300w, https:\/\/shielding-projects.de\/wp-content\/uploads\/2024\/01\/HF-Kabine-MRI-ROOM-1030x433.jpg 1030w, https:\/\/shielding-projects.de\/wp-content\/uploads\/2024\/01\/HF-Kabine-MRI-ROOM-768x323.jpg 768w, https:\/\/shielding-projects.de\/wp-content\/uploads\/2024\/01\/HF-Kabine-MRI-ROOM-705x296.jpg 705w\" sizes=\"(max-width: 1500px) 100vw, 1500px\" \/><\/div><\/li><\/ul><div class='avia-slideshow-arrows avia-slideshow-controls' ><a href='#prev' class='prev-slide ' aria-hidden='true' data-av_icon='\ue87c' data-av_iconfont='entypo-fontello'  tabindex='-1'>Zur\u00fcck<\/a><a href='#next' class='next-slide ' aria-hidden='true' data-av_icon='\ue87d' data-av_iconfont='entypo-fontello'  tabindex='-1'>Weiter<\/a><\/div><div class='avia-slideshow-dots avia-slideshow-controls'><a href='#1' class='goto-slide active' >1<\/a><a href='#2' class='goto-slide ' >2<\/a><a href='#3' class='goto-slide ' >3<\/a><\/div><\/div><\/div>\n<div id='av_section_1'  class='avia-section av-1ixqkd-fe42eac81423c7ecc02be56f0996da9d main_color avia-section-large avia-no-border-styling  avia-builder-el-1  el_after_av_slideshow_full  avia-builder-el-last  avia-bg-style-scroll container_wrap fullsize'  ><div class='container av-section-cont-open' ><div class='template-page content  av-content-full alpha units'><div class='post-entry post-entry-type-page post-entry-341'><div class='entry-content-wrapper clearfix'>\n\n<style type=\"text\/css\" data-created_by=\"avia_inline_auto\" id=\"style-css-av-1f9tc5-9158a3fb04f3a1fd815aa4cc30b0ff79\">\n.flex_column.av-1f9tc5-9158a3fb04f3a1fd815aa4cc30b0ff79{\nborder-radius:0px 0px 0px 0px;\npadding:0px 0px 0px 0px;\n}\n<\/style>\n<div  class='flex_column av-1f9tc5-9158a3fb04f3a1fd815aa4cc30b0ff79 av_one_half  avia-builder-el-2  el_before_av_one_half  avia-builder-el-first  first flex_column_div av-animated-generic bottom-to-top av-zero-column-padding  '     ><section  class='av_textblock_section av-19hrd9-a9d003d9b315d392c454eebaf0012585 '   itemscope=\"itemscope\" itemtype=\"https:\/\/schema.org\/CreativeWork\" ><div class='avia_textblock'  itemprop=\"text\" ><h3>Abschirmmaterial Kupfer<\/h3>\n<p class=\"av-special-heading-tag\"><span class=\"heading-wrap\">Shielding Projects bietet verschienede Typen von HF-Kabinen f\u00fcr alle denkbaren Anwendungen in der MRT-Diagnostik an. Als Abschirmmaterialien kommen \u00fcberwiegend Kupfer\/Holz L\u00f6sungen zum Einsatz.<br \/>\n<\/span><\/p>\n<ul class=\"textlist\">\n<li>Modulr\u00e4ume mit Kupfer-Schirmung<\/li>\n<li>Raumauskleidungen f\u00fcr Aluminium- und Stahlkabinen<\/li>\n<li>schirmende T\u00fcren und Fenster<\/li>\n<li>Schallschutz und Akustik<\/li>\n<li>frei w\u00e4hlbare Abmessungen<\/li>\n<li>Integration in vorhandene R\u00e4umlichkeiten<\/li>\n<li>revisionsf\u00e4hige Wandmodule f\u00fcr Installationen<\/li>\n<li>Ausstattungsvarianten<\/li>\n<li>kreative Gestaltung durch Materialvielfalt und Farben<\/li>\n<li>M\u00f6beleinbauten<\/li>\n<li>LED-Lichttechnik<\/li>\n<\/ul>\n<\/div><\/section><\/div>\n<style type=\"text\/css\" data-created_by=\"avia_inline_auto\" id=\"style-css-av-15fiph-ae287c053a9faa2ae6d2d2d39e887933\">\n.flex_column.av-15fiph-ae287c053a9faa2ae6d2d2d39e887933{\nborder-radius:0px 0px 0px 0px;\npadding:0px 0px 0px 0px;\n}\n<\/style>\n<div  class='flex_column av-15fiph-ae287c053a9faa2ae6d2d2d39e887933 av_one_half  avia-builder-el-4  el_after_av_one_half  el_before_av_heading  flex_column_div av-animated-generic bottom-to-top av-zero-column-padding  '     ><section  class='av_textblock_section av-3coed-01042dfd4414671f5437d139a477b7af '   itemscope=\"itemscope\" itemtype=\"https:\/\/schema.org\/CreativeWork\" ><div class='avia_textblock'  itemprop=\"text\" ><h3>Modulare Abschirml\u00f6sungen \/ Ansprechendes\u00a0 Design \/ Moderne Beleuchtung<\/h3>\n<p>Shielding Projects entwickelt und konstruiert in der Sparte Kupfer HF-Technik Bauelemente f\u00fcr hochfrequenzgeschirmte R\u00e4ume. Unter anderem werden spezielle L\u00f6sungen f\u00fcr den Bereich der MRT-Diagnostik konzipiert. Durch Kompetenzen im Bereich LED Beleuchtungstechnik, EMV Abschirmung und Innenausbau entstehen hochwertig gestaltete R\u00e4ume, die mit individueller Ausstattung den kundenspezifischen Anforderungen gerecht werden. Zus\u00e4tzliche Gestaltungsoptionen erm\u00f6glichen die Umsetzung einer pers\u00f6nlicheren, optisch ansprechender patientengerechten Atmosph\u00e4re. Die speziell entwickelte Modulbauweise erm\u00f6glicht eine schnelle und effiziente Installation vor Ort.<\/p>\n<\/div><\/section><\/div>\n<style type=\"text\/css\" data-created_by=\"avia_inline_auto\" id=\"style-css-av-or8d9-4fcb9b74817343917ebedae55147e134\">\n#top .av-special-heading.av-or8d9-4fcb9b74817343917ebedae55147e134{\npadding-bottom:10px;\nfont-size:25px;\n}\nbody .av-special-heading.av-or8d9-4fcb9b74817343917ebedae55147e134 .av-special-heading-tag .heading-char{\nfont-size:25px;\n}\n#top #wrap_all .av-special-heading.av-or8d9-4fcb9b74817343917ebedae55147e134 .av-special-heading-tag{\nfont-size:25px;\n}\n.av-special-heading.av-or8d9-4fcb9b74817343917ebedae55147e134 .av-subheading{\nfont-size:15px;\n}\n\n@media only screen and (min-width: 480px) and (max-width: 767px){ \n#top #wrap_all .av-special-heading.av-or8d9-4fcb9b74817343917ebedae55147e134 .av-special-heading-tag{\nfont-size:0.8em;\n}\n}\n\n@media only screen and (max-width: 479px){ \n#top #wrap_all .av-special-heading.av-or8d9-4fcb9b74817343917ebedae55147e134 .av-special-heading-tag{\nfont-size:0.8em;\n}\n}\n<\/style>\n<div  class='av-special-heading av-or8d9-4fcb9b74817343917ebedae55147e134 av-special-heading-h3 blockquote modern-quote modern-centered  avia-builder-el-6  el_after_av_one_half  el_before_av_masonry_gallery  avia-builder-el-last  av-inherit-size'><h3 class='av-special-heading-tag'  itemprop=\"headline\"  >Unser Leistungsspektrum<\/h3><div class=\"special-heading-border\"><div class=\"special-heading-inner-border\"><\/div><\/div><\/div>\n<div id='av-masonry-1' class='av-masonry av-nqvq5-c33a20e46283c536a399cf85105d2648 noHover av-fixed-size av-large-gap av-hover-overlay-active av-masonry-animation-active av-masonry-col-3 av-caption-on-hover av-caption-style- av-masonry-gallery ' data-post_id=\"341\"><div class=\"av-masonry-container isotope av-js-disabled\"><div class='av-masonry-entry isotope-item av-masonry-item-no-image '><\/div><a href=\"https:\/\/shielding-projects.de\/wp-content\/uploads\/2023\/12\/RF-Cabins-MRI-1.jpg\" data-srcset=\"https:\/\/shielding-projects.de\/wp-content\/uploads\/2023\/12\/RF-Cabins-MRI-1.jpg 705w, https:\/\/shielding-projects.de\/wp-content\/uploads\/2023\/12\/RF-Cabins-MRI-1-300x300.jpg 300w, https:\/\/shielding-projects.de\/wp-content\/uploads\/2023\/12\/RF-Cabins-MRI-1-80x80.jpg 80w, https:\/\/shielding-projects.de\/wp-content\/uploads\/2023\/12\/RF-Cabins-MRI-1-36x36.jpg 36w, https:\/\/shielding-projects.de\/wp-content\/uploads\/2023\/12\/RF-Cabins-MRI-1-180x180.jpg 180w\" data-sizes=\"(max-width: 705px) 100vw, 705px\"  aria-label=\"Bild Systemhersteller von HF-Kabinen f\u00fcr MRT\u00b4s \/ Radiologie\"  id='av-masonry-1-item-221' data-av-masonry-item='221' class='av-masonry-entry isotope-item post-221 attachment type-attachment status-inherit hentry  av-masonry-item-with-image' title=\"Systemhersteller von HF-Kabinen f\u00fcr MRT\u00b4s \/ Radiologie\" alt=\"\"    itemprop=\"thumbnailUrl\" ><div class='av-inner-masonry-sizer'><\/div><figure class='av-inner-masonry main_color'><div class=\"av-masonry-outerimage-container\"><div class='av-masonry-image-container' style=\"background-image: url(https:\/\/shielding-projects.de\/wp-content\/uploads\/2023\/12\/RF-Cabins-MRI-1.jpg);\"  title=\"Systemhersteller von HF-Kabinen f\u00fcr MRT\u00b4s \/ Radiologie\"  ><\/div><\/div><figcaption class='av-inner-masonry-content site-background'><div class='av-inner-masonry-content-pos'><div class='av-inner-masonry-content-pos-content'><div class='avia-arrow'><\/div><h3 class='av-masonry-entry-title entry-title '  itemprop=\"headline\" >Systemhersteller von HF-Kabinen f\u00fcr MRT\u00b4s \/ Radiologie<\/h3><\/div><\/div><\/figcaption><\/figure><\/a><!--end av-masonry entry--><a href=\"https:\/\/shielding-projects.de\/wp-content\/uploads\/2023\/12\/MRT-Messungen-1.jpg\" data-srcset=\"https:\/\/shielding-projects.de\/wp-content\/uploads\/2023\/12\/MRT-Messungen-1.jpg 705w, https:\/\/shielding-projects.de\/wp-content\/uploads\/2023\/12\/MRT-Messungen-1-300x300.jpg 300w, https:\/\/shielding-projects.de\/wp-content\/uploads\/2023\/12\/MRT-Messungen-1-80x80.jpg 80w, https:\/\/shielding-projects.de\/wp-content\/uploads\/2023\/12\/MRT-Messungen-1-36x36.jpg 36w, https:\/\/shielding-projects.de\/wp-content\/uploads\/2023\/12\/MRT-Messungen-1-180x180.jpg 180w\" data-sizes=\"(max-width: 705px) 100vw, 705px\"  aria-label=\"Bild Hochfrequenzmessung MRT-R\u00e4ume\"  id='av-masonry-1-item-222' data-av-masonry-item='222' class='av-masonry-entry isotope-item post-222 attachment type-attachment status-inherit hentry  av-masonry-item-with-image' title=\"Hochfrequenzmessung MRT-R\u00e4ume\" alt=\"\"    itemprop=\"thumbnailUrl\" ><div class='av-inner-masonry-sizer'><\/div><figure class='av-inner-masonry main_color'><div class=\"av-masonry-outerimage-container\"><div class='av-masonry-image-container' style=\"background-image: url(https:\/\/shielding-projects.de\/wp-content\/uploads\/2023\/12\/MRT-Messungen-1.jpg);\"  title=\"Hochfrequenzmessung MRT-R\u00e4ume\"  ><\/div><\/div><figcaption class='av-inner-masonry-content site-background'><div class='av-inner-masonry-content-pos'><div class='av-inner-masonry-content-pos-content'><div class='avia-arrow'><\/div><h3 class='av-masonry-entry-title entry-title '  itemprop=\"headline\" >Hochfrequenzmessung MRT-R\u00e4ume<\/h3><\/div><\/div><\/figcaption><\/figure><\/a><!--end av-masonry entry--><a href=\"https:\/\/shielding-projects.de\/wp-content\/uploads\/2023\/12\/Kupfer-Abschirmkabine-MRT-3.jpg\" data-srcset=\"https:\/\/shielding-projects.de\/wp-content\/uploads\/2023\/12\/Kupfer-Abschirmkabine-MRT-3.jpg 705w, https:\/\/shielding-projects.de\/wp-content\/uploads\/2023\/12\/Kupfer-Abschirmkabine-MRT-3-300x300.jpg 300w, https:\/\/shielding-projects.de\/wp-content\/uploads\/2023\/12\/Kupfer-Abschirmkabine-MRT-3-80x80.jpg 80w, https:\/\/shielding-projects.de\/wp-content\/uploads\/2023\/12\/Kupfer-Abschirmkabine-MRT-3-36x36.jpg 36w, https:\/\/shielding-projects.de\/wp-content\/uploads\/2023\/12\/Kupfer-Abschirmkabine-MRT-3-180x180.jpg 180w\" data-sizes=\"(max-width: 705px) 100vw, 705px\"  aria-label=\"Bild Kupferraum-Abschirmung f\u00fcr MRT-R\u00e4ume\"  id='av-masonry-1-item-235' data-av-masonry-item='235' class='av-masonry-entry isotope-item post-235 attachment type-attachment status-inherit hentry  av-masonry-item-with-image' title=\"Kupferraum-Abschirmung f\u00fcr MRT-R\u00e4ume\" alt=\"\"    itemprop=\"thumbnailUrl\" ><div class='av-inner-masonry-sizer'><\/div><figure class='av-inner-masonry main_color'><div class=\"av-masonry-outerimage-container\"><div class='av-masonry-image-container' style=\"background-image: url(https:\/\/shielding-projects.de\/wp-content\/uploads\/2023\/12\/Kupfer-Abschirmkabine-MRT-3.jpg);\"  title=\"Kupferraum-Abschirmung f\u00fcr MRT-R\u00e4ume\"  ><\/div><\/div><figcaption class='av-inner-masonry-content site-background'><div class='av-inner-masonry-content-pos'><div class='av-inner-masonry-content-pos-content'><div class='avia-arrow'><\/div><h3 class='av-masonry-entry-title entry-title '  itemprop=\"headline\" >Kupferraum-Abschirmung f\u00fcr MRT-R\u00e4ume<\/h3><\/div><\/div><\/figcaption><\/figure><\/a><!--end av-masonry entry--><a href=\"https:\/\/shielding-projects.de\/wp-content\/uploads\/2023\/12\/MRT-3D-Zeichnung.jpg\" data-srcset=\"https:\/\/shielding-projects.de\/wp-content\/uploads\/2023\/12\/MRT-3D-Zeichnung.jpg 705w, https:\/\/shielding-projects.de\/wp-content\/uploads\/2023\/12\/MRT-3D-Zeichnung-300x300.jpg 300w, https:\/\/shielding-projects.de\/wp-content\/uploads\/2023\/12\/MRT-3D-Zeichnung-80x80.jpg 80w, https:\/\/shielding-projects.de\/wp-content\/uploads\/2023\/12\/MRT-3D-Zeichnung-36x36.jpg 36w, https:\/\/shielding-projects.de\/wp-content\/uploads\/2023\/12\/MRT-3D-Zeichnung-180x180.jpg 180w\" data-sizes=\"(max-width: 705px) 100vw, 705px\"  aria-label=\"Bild MRT-3D-Zeichnung\"  id='av-masonry-1-item-252' data-av-masonry-item='252' class='av-masonry-entry isotope-item post-252 attachment type-attachment status-inherit hentry  av-masonry-item-with-image' title=\"MRT-3D-Zeichnung\" alt=\"\"    itemprop=\"thumbnailUrl\" ><div class='av-inner-masonry-sizer'><\/div><figure class='av-inner-masonry main_color'><div class=\"av-masonry-outerimage-container\"><div class='av-masonry-image-container' style=\"background-image: url(https:\/\/shielding-projects.de\/wp-content\/uploads\/2023\/12\/MRT-3D-Zeichnung.jpg);\"  title=\"MRT-3D-Zeichnung\"  ><\/div><\/div><figcaption class='av-inner-masonry-content site-background'><div class='av-inner-masonry-content-pos'><div class='av-inner-masonry-content-pos-content'><div class='avia-arrow'><\/div><h3 class='av-masonry-entry-title entry-title '  itemprop=\"headline\" >MRT-3D-Zeichnung<\/h3><\/div><\/div><\/figcaption><\/figure><\/a><!--end av-masonry entry--><a href=\"https:\/\/shielding-projects.de\/wp-content\/uploads\/2023\/12\/HF-Schirmung-aus-ferromagnetischem-verzinktem-Stahl.jpg\" data-srcset=\"https:\/\/shielding-projects.de\/wp-content\/uploads\/2023\/12\/HF-Schirmung-aus-ferromagnetischem-verzinktem-Stahl.jpg 705w, https:\/\/shielding-projects.de\/wp-content\/uploads\/2023\/12\/HF-Schirmung-aus-ferromagnetischem-verzinktem-Stahl-300x300.jpg 300w, https:\/\/shielding-projects.de\/wp-content\/uploads\/2023\/12\/HF-Schirmung-aus-ferromagnetischem-verzinktem-Stahl-80x80.jpg 80w, https:\/\/shielding-projects.de\/wp-content\/uploads\/2023\/12\/HF-Schirmung-aus-ferromagnetischem-verzinktem-Stahl-36x36.jpg 36w, https:\/\/shielding-projects.de\/wp-content\/uploads\/2023\/12\/HF-Schirmung-aus-ferromagnetischem-verzinktem-Stahl-180x180.jpg 180w\" data-sizes=\"(max-width: 705px) 100vw, 705px\"  aria-label=\"Bild HF-Schirmung-aus-ferromagnetischem-verzinktem-Stahl\"  id='av-masonry-1-item-256' data-av-masonry-item='256' class='av-masonry-entry isotope-item post-256 attachment type-attachment status-inherit hentry  av-masonry-item-with-image' title=\"HF-Schirmung-aus-ferromagnetischem-verzinktem-Stahl\" alt=\"\"    itemprop=\"thumbnailUrl\" ><div class='av-inner-masonry-sizer'><\/div><figure class='av-inner-masonry main_color'><div class=\"av-masonry-outerimage-container\"><div class='av-masonry-image-container' style=\"background-image: url(https:\/\/shielding-projects.de\/wp-content\/uploads\/2023\/12\/HF-Schirmung-aus-ferromagnetischem-verzinktem-Stahl.jpg);\"  title=\"HF-Schirmung-aus-ferromagnetischem-verzinktem-Stahl\"  ><\/div><\/div><figcaption class='av-inner-masonry-content site-background'><div class='av-inner-masonry-content-pos'><div class='av-inner-masonry-content-pos-content'><div class='avia-arrow'><\/div><h3 class='av-masonry-entry-title entry-title '  itemprop=\"headline\" >HF-Schirmung-aus-ferromagnetischem-verzinktem-Stahl<\/h3><\/div><\/div><\/figcaption><\/figure><\/a><!--end av-masonry entry--><a href=\"https:\/\/shielding-projects.de\/wp-content\/uploads\/2023\/12\/LED-Wand-Beleuchtung-MRT.jpg\" data-srcset=\"https:\/\/shielding-projects.de\/wp-content\/uploads\/2023\/12\/LED-Wand-Beleuchtung-MRT.jpg 705w, https:\/\/shielding-projects.de\/wp-content\/uploads\/2023\/12\/LED-Wand-Beleuchtung-MRT-300x300.jpg 300w, https:\/\/shielding-projects.de\/wp-content\/uploads\/2023\/12\/LED-Wand-Beleuchtung-MRT-80x80.jpg 80w, https:\/\/shielding-projects.de\/wp-content\/uploads\/2023\/12\/LED-Wand-Beleuchtung-MRT-36x36.jpg 36w, https:\/\/shielding-projects.de\/wp-content\/uploads\/2023\/12\/LED-Wand-Beleuchtung-MRT-180x180.jpg 180w\" data-sizes=\"(max-width: 705px) 100vw, 705px\"  aria-label=\"Bild Moderne LED-Wand-Beleuchtung-MRT\"  id='av-masonry-1-item-250' data-av-masonry-item='250' class='av-masonry-entry isotope-item post-250 attachment type-attachment status-inherit hentry  av-masonry-item-with-image' title=\"Moderne LED-Wand-Beleuchtung-MRT\" alt=\"\"    itemprop=\"thumbnailUrl\" ><div class='av-inner-masonry-sizer'><\/div><figure class='av-inner-masonry main_color'><div class=\"av-masonry-outerimage-container\"><div class='av-masonry-image-container' style=\"background-image: url(https:\/\/shielding-projects.de\/wp-content\/uploads\/2023\/12\/LED-Wand-Beleuchtung-MRT.jpg);\"  title=\"Moderne LED-Wand-Beleuchtung-MRT\"  ><\/div><\/div><figcaption class='av-inner-masonry-content site-background'><div class='av-inner-masonry-content-pos'><div class='av-inner-masonry-content-pos-content'><div class='avia-arrow'><\/div><h3 class='av-masonry-entry-title entry-title '  itemprop=\"headline\" >Moderne LED-Wand-Beleuchtung-MRT<\/h3><\/div><\/div><\/figcaption><\/figure><\/a><!--end av-masonry entry--><\/div><\/div>\n\n<style type=\"text\/css\" data-created_by=\"avia_inline_auto\" id=\"style-css-av-cr1q5-975f05d0bdfda53ec3668e5fc4898955\">\n#top .hr.av-cr1q5-975f05d0bdfda53ec3668e5fc4898955{\nmargin-top:50px;\nmargin-bottom:80px;\n}\n.hr.av-cr1q5-975f05d0bdfda53ec3668e5fc4898955 .hr-inner{\nwidth:50px;\nborder-color:#f2f2f2;\n}\n<\/style>\n<div  class='hr av-cr1q5-975f05d0bdfda53ec3668e5fc4898955 hr-custom  avia-builder-el-8  el_after_av_masonry_gallery  el_before_av_heading  avia-builder-el-first  hr-center hr-icon-no'><span class='hr-inner inner-border-av-border-fat'><span class=\"hr-inner-style\"><\/span><\/span><\/div>\n\n<style type=\"text\/css\" data-created_by=\"avia_inline_auto\" id=\"style-css-av-a0731-5d2d2685136263e563c98999bd85e3c7\">\n#top .av-special-heading.av-a0731-5d2d2685136263e563c98999bd85e3c7{\npadding-bottom:0;\ncolor:#578eaf;\nfont-size:25px;\n}\nbody .av-special-heading.av-a0731-5d2d2685136263e563c98999bd85e3c7 .av-special-heading-tag .heading-char{\nfont-size:25px;\n}\n#top #wrap_all .av-special-heading.av-a0731-5d2d2685136263e563c98999bd85e3c7 .av-special-heading-tag{\nfont-size:25px;\n}\n.av-special-heading.av-a0731-5d2d2685136263e563c98999bd85e3c7 .special-heading-inner-border{\nborder-color:#578eaf;\n}\n.av-special-heading.av-a0731-5d2d2685136263e563c98999bd85e3c7 .av-subheading{\nfont-size:15px;\n}\n\n@media only screen and (min-width: 480px) and (max-width: 767px){ \n#top #wrap_all .av-special-heading.av-a0731-5d2d2685136263e563c98999bd85e3c7 .av-special-heading-tag{\nfont-size:0.8em;\n}\n}\n\n@media only screen and (max-width: 479px){ \n#top #wrap_all .av-special-heading.av-a0731-5d2d2685136263e563c98999bd85e3c7 .av-special-heading-tag{\nfont-size:0.8em;\n}\n}\n<\/style>\n<div  class='av-special-heading av-a0731-5d2d2685136263e563c98999bd85e3c7 av-special-heading-h1 custom-color-heading blockquote elegant-quote elegant-centered  avia-builder-el-9  el_after_av_hr  avia-builder-el-last  av-inherit-size'><h1 class='av-special-heading-tag'  itemprop=\"headline\"  ><span class=\"heading-wrap\">Kontakt Shielding Projects<\/span><\/h1><div class=\"special-heading-border\"><div class=\"special-heading-inner-border\"><\/div><\/div><\/div>\n\n","protected":false},"excerpt":{"rendered":"","protected":false},"author":1,"featured_media":0,"parent":0,"menu_order":0,"comment_status":"closed","ping_status":"closed","template":"","meta":{"footnotes":""},"class_list":["post-341","page","type-page","status-publish","hentry"],"_links":{"self":[{"href":"https:\/\/shielding-projects.de\/index.php?rest_route=\/wp\/v2\/pages\/341","targetHints":{"allow":["GET"]}}],"collection":[{"href":"https:\/\/shielding-projects.de\/index.php?rest_route=\/wp\/v2\/pages"}],"about":[{"href":"https:\/\/shielding-projects.de\/index.php?rest_route=\/wp\/v2\/types\/page"}],"author":[{"embeddable":true,"href":"https:\/\/shielding-projects.de\/index.php?rest_route=\/wp\/v2\/users\/1"}],"replies":[{"embeddable":true,"href":"https:\/\/shielding-projects.de\/index.php?rest_route=%2Fwp%2Fv2%2Fcomments&post=341"}],"version-history":[{"count":8,"href":"https:\/\/shielding-projects.de\/index.php?rest_route=\/wp\/v2\/pages\/341\/revisions"}],"predecessor-version":[{"id":355,"href":"https:\/\/shielding-projects.de\/index.php?rest_route=\/wp\/v2\/pages\/341\/revisions\/355"}],"wp:attachment":[{"href":"https:\/\/shielding-projects.de\/index.php?rest_route=%2Fwp%2Fv2%2Fmedia&parent=341"}],"curies":[{"name":"wp","href":"https:\/\/api.w.org\/{rel}","templated":true}]}}